{"id":57,"date":"2017-03-03T09:48:27","date_gmt":"2017-03-03T09:48:27","guid":{"rendered":"http:\/\/the-party-crew.de\/?page_id=57"},"modified":"2019-10-18T04:57:24","modified_gmt":"2019-10-18T04:57:24","slug":"licht","status":"publish","type":"page","link":"https:\/\/the-party-crew.de\/?page_id=57","title":{"rendered":"Licht"},"content":{"rendered":"<p>[vc_row][vc_column width=&#8220;1\/3&#8243;][vc_custom_heading text=&#8220;Party Licht Set&#8220; font_container=&#8220;tag:h5|text_align:left|color:%23f27b21&#8243; google_fonts=&#8220;font_family:Arimo%3Aregular%2Citalic%2C700%2C700italic|font_style:700%20bold%20regular%3A700%3Anormal&#8220;][vc_column_text]<\/p>\n<ul>\n<li>2 musikgesteuerte LED-Flower<\/li>\n<li>2 musikgesteuerte LED-Scheinwerfer<\/li>\n<li>Alle ben\u00f6tigten Kabel und Stative<\/li>\n<\/ul>\n<p>&nbsp;<\/p>\n<p>Buntes bewegtes Licht f\u00fcr jeden Anlass. Einschalten und l\u00e4uft. Eine normale Steckdose ist ausreichend.<\/p>\n<p>Abholpreis f\u00fcr einen Tag.[\/vc_column_text][\/vc_column][vc_column width=&#8220;1\/3&#8243;][vc_custom_heading text=&#8220;DJ Licht Set 1&#8243; font_container=&#8220;tag:h5|text_align:left|color:%23f27b21&#8243; google_fonts=&#8220;font_family:Arimo%3Aregular%2Citalic%2C700%2C700italic|font_style:700%20bold%20regular%3A700%3Anormal&#8220;][vc_column_text]<\/p>\n<ul>\n<li>4 DMX gesteuerte LED-PAR64 Scheinwerfer<\/li>\n<li>DMX Controller<\/li>\n<li>700W Nebelmaschine inkl. 1l Fluid<\/li>\n<li>2 Schwarzlichr\u00f6hren<\/li>\n<li>Alle ben\u00f6tigten Kabel und Stative<\/li>\n<\/ul>\n<p>Helles gesteuertes Licht mit Nebel. Eine normale Steckdose ist ausreichend.<\/p>\n<p>&nbsp;<\/p>\n<p>Abholpreis f\u00fcr einen Tag.[\/vc_column_text][\/vc_column][vc_column width=&#8220;1\/3&#8243;][vc_custom_heading text=&#8220;DJ Licht Set 2&#8243; font_container=&#8220;tag:h5|text_align:left|color:%23f27b21&#8243; google_fonts=&#8220;font_family:Arimo%3Aregular%2Citalic%2C700%2C700italic|font_style:700%20bold%20regular%3A700%3Anormal&#8220;][vc_column_text]<\/p>\n<ul>\n<li>8 DMX gesteuerte LED-PAR64 Scheinwerfer<\/li>\n<li>1500W Nebelmaschine inkl. 2l Fluid<\/li>\n<li>2 Scanner 250W MSD<\/li>\n<li>DMX Controller<\/li>\n<li>Alle ben\u00f6tigten Kabel und Stative<\/li>\n<\/ul>\n<p>Helle Lichtanlage mit beweglichen Lichtstrahlen. Eine normale Steckdose ist ausreichend.<\/p>\n<p>&nbsp;<\/p>\n<p>Abholpreis f\u00fcr einen Tag.[\/vc_column_text][\/vc_column][\/vc_row][vc_row][vc_column][vc_row_inner][vc_column_inner width=&#8220;1\/3&#8243;][vc_custom_heading text=&#8220;Preis: 20 Euro&#8220; font_container=&#8220;tag:h5|text_align:left|color:%23f27b21&#8243; google_fonts=&#8220;font_family:Arimo%3Aregular%2Citalic%2C700%2C700italic|font_style:700%20bold%20regular%3A700%3Anormal&#8220;][vc_column_text]<\/p>\n<p style=\"font-size: 8pt;\"><strong>Rabatt ab dem 2. Tag, Lieferung bitte Anfragen.<\/strong><\/p>\n<p>[\/vc_column_text][\/vc_column_inner][vc_column_inner width=&#8220;1\/3&#8243;][vc_custom_heading text=&#8220;Preis: 40 Euro&#8220; font_container=&#8220;tag:h5|text_align:left|color:%23f27b21&#8243; google_fonts=&#8220;font_family:Arimo%3Aregular%2Citalic%2C700%2C700italic|font_style:700%20bold%20regular%3A700%3Anormal&#8220;][vc_column_text]<\/p>\n<p style=\"font-size: 8pt;\"><strong>Rabatt ab dem 2. Tag, Lieferung bitte Anfragen.<\/strong><\/p>\n<p>[\/vc_column_text][\/vc_column_inner][vc_column_inner width=&#8220;1\/3&#8243;][vc_custom_heading text=&#8220;Preis: 100 Euro&#8220; font_container=&#8220;tag:h5|text_align:left|color:%23f27b21&#8243; google_fonts=&#8220;font_family:Arimo%3Aregular%2Citalic%2C700%2C700italic|font_style:700%20bold%20regular%3A700%3Anormal&#8220;][vc_column_text]<\/p>\n<p style=\"font-size: 8pt;\"><strong>Rabatt ab dem 2. Tag, Lieferung bitte Anfragen.<\/strong><\/p>\n<p>[\/vc_column_text][\/vc_column_inner][\/vc_row_inner][\/vc_column][\/vc_row][vc_row][vc_column][vc_empty_space height=&#8220;30px&#8220;][vc_separator color=&#8220;custom&#8220; style=&#8220;shadow&#8220; border_width=&#8220;3&#8243; accent_color=&#8220;#f27b21&#8243;][vc_empty_space height=&#8220;20px&#8220;][\/vc_column][\/vc_row][vc_row][vc_column width=&#8220;1\/3&#8243;][vc_custom_heading text=&#8220;DJ Licht Set 3&#8243; font_container=&#8220;tag:h5|text_align:left|color:%23f27b21&#8243; google_fonts=&#8220;font_family:Arimo%3Aregular%2Citalic%2C700%2C700italic|font_style:700%20bold%20regular%3A700%3Anormal&#8220;][vc_column_text]<\/p>\n<ul>\n<li>8 DMX gesteuerte LED-PAR64 Scheinwerfer<\/li>\n<li>1500W Nebelmaschine inkl. 2l Fluid<\/li>\n<li>4 Scanner 250W MSD<\/li>\n<li>2 DMX Strobos 2,5kW<\/li>\n<li>2 LED Movingheads<\/li>\n<li>DMX Controller<\/li>\n<li>6m Traverse<\/li>\n<li>Alle ben\u00f6tigten Kabel und Stative<\/li>\n<\/ul>\n<p>Gro\u00dfe Lichtanlage f\u00fcr Kirmes oder die gro\u00dfe Party. 3-4 normale Steckdosen oder Drehstrom sind ausreichend.<\/p>\n<p>Abholpreis f\u00fcr einen Tag.[\/vc_column_text][\/vc_column][vc_column width=&#8220;1\/3&#8243;][vc_custom_heading text=&#8220;B\u00fchnen Licht Set &#8220; font_container=&#8220;tag:h5|text_align:left|color:%23f27b21&#8243; google_fonts=&#8220;font_family:Arimo%3Aregular%2Citalic%2C700%2C700italic|font_style:700%20bold%20regular%3A700%3Anormal&#8220;][vc_column_text el_class=&#8220;#&#8220;]<\/p>\n<ul>\n<li>12 Theaterscheinwerfer 1kW Fresnel<\/li>\n<li>4 Profilscheinwerfer 19\u00b0 650W<\/li>\n<li>4 PAR64 1kW<\/li>\n<li>Stative oder Traverse<\/li>\n<li>DMX Steuerun<\/li>\n<li>3x 6Kanal Dimmer<\/li>\n<li>Alle ben\u00f6tigten Kabel und Stative<\/li>\n<\/ul>\n<p>Licht f\u00fcr Theater oder Musical. Mindestens 32A Drehstrom wird ben\u00f6tigt.<\/p>\n<p>&nbsp;<\/p>\n<p>Abholpreis f\u00fcr einen Tag.[\/vc_column_text][\/vc_column][\/vc_row][vc_row][vc_column][vc_row_inner][vc_column_inner width=&#8220;1\/3&#8243;][vc_custom_heading text=&#8220;Preis: 200 Euro&#8220; font_container=&#8220;tag:h5|text_align:left|color:%23f27b21&#8243; google_fonts=&#8220;font_family:Arimo%3Aregular%2Citalic%2C700%2C700italic|font_style:700%20bold%20regular%3A700%3Anormal&#8220;][vc_column_text]<\/p>\n<p style=\"font-size: 8pt;\"><strong>Rabatt ab dem 2. Tag, Lieferung bitte Anfragen.<\/strong><\/p>\n<p>[\/vc_column_text][\/vc_column_inner][vc_column_inner width=&#8220;1\/3&#8243;][vc_custom_heading text=&#8220;Preis: 250 Euro&#8220; font_container=&#8220;tag:h5|text_align:left|color:%23f27b21&#8243; google_fonts=&#8220;font_family:Arimo%3Aregular%2Citalic%2C700%2C700italic|font_style:700%20bold%20regular%3A700%3Anormal&#8220;][vc_column_text]<\/p>\n<p style=\"font-size: 8pt;\"><strong>Rabatt ab dem 2. Tag, Lieferung bitte Anfragen.<\/strong><\/p>\n<p>[\/vc_column_text][\/vc_column_inner][\/vc_row_inner][\/vc_column][\/vc_row][vc_row][vc_column][vc_column_text]Selbstverst\u00e4ndlich bekommen Sie auch alle Ger\u00e4te einzeln bekommen oder k\u00f6nnen sich ein Set nach Ihren Bed\u00fcrfnissen zusammenstellen.[\/vc_column_text][\/vc_column][\/vc_row]<\/p>\n","protected":false},"excerpt":{"rendered":"<p>[vc_row][vc_column width=&#8220;1\/3&#8243;][vc_custom_heading text=&#8220;Party Licht Set&#8220; font_container=&#8220;tag:h5|text_align:left|color:%23f27b21&#8243; google_fonts=&#8220;font_family:Arimo%3Aregular%2Citalic%2C700%2C700italic|font_style:700%20bold%20regular%3A700%3Anormal&#8220;][vc_column_text] 2 musikgesteuerte LED-Flower 2 musikgesteuerte LED-Scheinwerfer Alle ben\u00f6tigten Kabel und Stative &nbsp; Buntes<\/p>\n","protected":false},"author":1,"featured_media":0,"parent":0,"menu_order":0,"comment_status":"closed","ping_status":"closed","template":"","meta":[],"_links":{"self":[{"href":"https:\/\/the-party-crew.de\/index.php?rest_route=\/wp\/v2\/pages\/57"}],"collection":[{"href":"https:\/\/the-party-crew.de\/index.php?rest_route=\/wp\/v2\/pages"}],"about":[{"href":"https:\/\/the-party-crew.de\/index.php?rest_route=\/wp\/v2\/types\/page"}],"author":[{"embeddable":true,"href":"https:\/\/the-party-crew.de\/index.php?rest_route=\/wp\/v2\/users\/1"}],"replies":[{"embeddable":true,"href":"https:\/\/the-party-crew.de\/index.php?rest_route=%2Fwp%2Fv2%2Fcomments&post=57"}],"version-history":[{"count":26,"href":"https:\/\/the-party-crew.de\/index.php?rest_route=\/wp\/v2\/pages\/57\/revisions"}],"predecessor-version":[{"id":409,"href":"https:\/\/the-party-crew.de\/index.php?rest_route=\/wp\/v2\/pages\/57\/revisions\/409"}],"wp:attachment":[{"href":"https:\/\/the-party-crew.de\/index.php?rest_route=%2Fwp%2Fv2%2Fmedia&parent=57"}],"curies":[{"name":"wp","href":"https:\/\/api.w.org\/{rel}","templated":true}]}}