{"id":46,"date":"2017-02-28T20:07:20","date_gmt":"2017-02-28T20:07:20","guid":{"rendered":"http:\/\/the-party-crew.de\/?page_id=46"},"modified":"2017-05-07T16:22:29","modified_gmt":"2017-05-07T16:22:29","slug":"verleih","status":"publish","type":"page","link":"https:\/\/the-party-crew.de\/?page_id=46","title":{"rendered":"Verleih"},"content":{"rendered":"<p>[vc_row][vc_column][vc_column_text]<strong>Hier haben wir f\u00fcr Sie verschiedene Komplettpakete <\/strong><br \/>\n<strong>zusammengestellt. Sollten Sie eine andere Zusammenstellung oder andere Ger\u00e4te w\u00fcnschen, <\/strong><br \/>\n<strong>so sprechen Sie uns bitte an. Alle bei uns geliehene Ger\u00e4te k\u00f6nnen gegen Aufpreis geliefert, <\/strong><br \/>\n<strong>aufgebaut und bedient werden.<\/strong>[\/vc_column_text][\/vc_column][\/vc_row][vc_row][vc_column width=&#8220;1\/2&#8243;][vc_single_image image=&#8220;14&#8243; img_size=&#8220;medium&#8220; alignment=&#8220;center&#8220; onclick=&#8220;custom_link&#8220; css_animation=&#8220;appear&#8220; link=&#8220;http:\/\/the-party-crew.de\/?page_id=57&#8243;][vc_custom_heading text=&#8220;Licht Sets&#8220; font_container=&#8220;tag:h2|text_align:center|color:%23f27b21&#8243; google_fonts=&#8220;font_family:Arimo%3Aregular%2Citalic%2C700%2C700italic|font_style:700%20bold%20regular%3A700%3Anormal&#8220;][\/vc_column][vc_column width=&#8220;1\/2&#8243;][vc_single_image image=&#8220;15&#8243; img_size=&#8220;medium&#8220; alignment=&#8220;center&#8220; onclick=&#8220;custom_link&#8220; css_animation=&#8220;appear&#8220; link=&#8220;http:\/\/the-party-crew.de\/?page_id=42&#8243;][vc_custom_heading text=&#8220;Ton Sets&#8220; font_container=&#8220;tag:h2|text_align:center|color:%23f27b21&#8243; google_fonts=&#8220;font_family:Arimo%3Aregular%2Citalic%2C700%2C700italic|font_style:700%20bold%20regular%3A700%3Anormal&#8220;][\/vc_column][\/vc_row][vc_row][vc_column width=&#8220;1\/2&#8243;][vc_single_image image=&#8220;14&#8243; img_size=&#8220;medium&#8220; alignment=&#8220;center&#8220; onclick=&#8220;custom_link&#8220; css_animation=&#8220;appear&#8220; link=&#8220;http:\/\/the-party-crew.de\/?page_id=152&#8243;][vc_custom_heading text=&#8220;Videotechnik&#8220; font_container=&#8220;tag:h2|text_align:center|color:%23f27b21&#8243; google_fonts=&#8220;font_family:Arimo%3Aregular%2Citalic%2C700%2C700italic|font_style:700%20bold%20regular%3A700%3Anormal&#8220;][\/vc_column][vc_column width=&#8220;1\/2&#8243;][vc_single_image image=&#8220;15&#8243; img_size=&#8220;medium&#8220; alignment=&#8220;center&#8220; onclick=&#8220;custom_link&#8220; css_animation=&#8220;appear&#8220; link=&#8220;http:\/\/the-party-crew.de\/?page_id=161&#8243;][vc_custom_heading text=&#8220;Sontiges&#8220; font_container=&#8220;tag:h2|text_align:center|color:%23f27b21&#8243; google_fonts=&#8220;font_family:Arimo%3Aregular%2Citalic%2C700%2C700italic|font_style:700%20bold%20regular%3A700%3Anormal&#8220;][\/vc_column][\/vc_row]<\/p>\n","protected":false},"excerpt":{"rendered":"<p>[vc_row][vc_column][vc_column_text]Hier haben wir f\u00fcr Sie verschiedene Komplettpakete zusammengestellt. Sollten Sie eine andere Zusammenstellung oder andere Ger\u00e4te w\u00fcnschen, so sprechen Sie<\/p>\n","protected":false},"author":1,"featured_media":0,"parent":0,"menu_order":0,"comment_status":"closed","ping_status":"closed","template":"","meta":[],"_links":{"self":[{"href":"https:\/\/the-party-crew.de\/index.php?rest_route=\/wp\/v2\/pages\/46"}],"collection":[{"href":"https:\/\/the-party-crew.de\/index.php?rest_route=\/wp\/v2\/pages"}],"about":[{"href":"https:\/\/the-party-crew.de\/index.php?rest_route=\/wp\/v2\/types\/page"}],"author":[{"embeddable":true,"href":"https:\/\/the-party-crew.de\/index.php?rest_route=\/wp\/v2\/users\/1"}],"replies":[{"embeddable":true,"href":"https:\/\/the-party-crew.de\/index.php?rest_route=%2Fwp%2Fv2%2Fcomments&post=46"}],"version-history":[{"count":6,"href":"https:\/\/the-party-crew.de\/index.php?rest_route=\/wp\/v2\/pages\/46\/revisions"}],"predecessor-version":[{"id":185,"href":"https:\/\/the-party-crew.de\/index.php?rest_route=\/wp\/v2\/pages\/46\/revisions\/185"}],"wp:attachment":[{"href":"https:\/\/the-party-crew.de\/index.php?rest_route=%2Fwp%2Fv2%2Fmedia&parent=46"}],"curies":[{"name":"wp","href":"https:\/\/api.w.org\/{rel}","templated":true}]}}