{"id":161,"date":"2017-04-03T10:54:18","date_gmt":"2017-04-03T10:54:18","guid":{"rendered":"http:\/\/the-party-crew.de\/?page_id=161"},"modified":"2017-05-07T16:19:28","modified_gmt":"2017-05-07T16:19:28","slug":"sonstiges","status":"publish","type":"page","link":"https:\/\/the-party-crew.de\/?page_id=161","title":{"rendered":"Sonstiges"},"content":{"rendered":"<p>[vc_row][vc_column width=&#8220;1\/3&#8243;][vc_custom_heading text=&#8220;Stromerzeuger &#8220; font_container=&#8220;tag:h5|text_align:left|color:%23f27b21&#8243; google_fonts=&#8220;font_family:Arimo%3Aregular%2Citalic%2C700%2C700italic|font_style:700%20bold%20regular%3A700%3Anormal&#8220;][vc_column_text]<\/p>\n<ul>\n<li>Endress 2 kW 230V<\/li>\n<\/ul>\n<p>[\/vc_column_text][vc_custom_heading text=&#8220;Preis: 15 Euro&#8220; font_container=&#8220;tag:h5|text_align:left|color:%23f27b21&#8243; google_fonts=&#8220;font_family:Arimo%3Aregular%2Citalic%2C700%2C700italic|font_style:700%20bold%20regular%3A700%3Anormal&#8220;][vc_column_text]<\/p>\n<p style=\"font-size: 8pt;\"><strong>Rabatt ab dem 2. Tag, Lieferung bitte Anfragen.<\/strong><\/p>\n<p>[\/vc_column_text][\/vc_column][vc_column width=&#8220;1\/3&#8243;][vc_custom_heading text=&#8220;Friteuse Roka&#8220; font_container=&#8220;tag:h5|text_align:left|color:%23f27b21&#8243; google_fonts=&#8220;font_family:Arimo%3Aregular%2Citalic%2C700%2C700italic|font_style:700%20bold%20regular%3A700%3Anormal&#8220;][vc_column_text]<\/p>\n<ul>\n<li>12L 6,3 kW 400V<\/li>\n<\/ul>\n<p>[\/vc_column_text][vc_custom_heading text=&#8220;Preis: 30 Euro&#8220; font_container=&#8220;tag:h5|text_align:left|color:%23f27b21&#8243; google_fonts=&#8220;font_family:Arimo%3Aregular%2Citalic%2C700%2C700italic|font_style:700%20bold%20regular%3A700%3Anormal&#8220;][vc_column_text]<\/p>\n<p style=\"font-size: 8pt;\"><strong>Rabatt ab dem 2. Tag, Lieferung bitte Anfragen.<\/strong><\/p>\n<p>[\/vc_column_text][\/vc_column][vc_column width=&#8220;1\/3&#8243;][vc_custom_heading text=&#8220;Gasbr\u00e4ter&#8220; font_container=&#8220;tag:h5|text_align:left|color:%23f27b21&#8243; google_fonts=&#8220;font_family:Arimo%3Aregular%2Citalic%2C700%2C700italic|font_style:700%20bold%20regular%3A700%3Anormal&#8220;][vc_column_text]<\/p>\n<ul class=\"a-unordered-list a-vertical a-spacing-none\">\n<li>21kW 3flammig<\/li>\n<\/ul>\n<p>[\/vc_column_text][vc_custom_heading text=&#8220;Preis: 20 Euro&#8220; font_container=&#8220;tag:h5|text_align:left|color:%23f27b21&#8243; google_fonts=&#8220;font_family:Arimo%3Aregular%2Citalic%2C700%2C700italic|font_style:700%20bold%20regular%3A700%3Anormal&#8220;][vc_column_text]<\/p>\n<p style=\"font-size: 8pt;\"><strong>Rabatt ab dem 2. Tag, Lieferung bitte Anfragen.<\/strong><\/p>\n<p>[\/vc_column_text][\/vc_column][\/vc_row][vc_row][vc_column][vc_separator color=&#8220;custom&#8220; border_width=&#8220;3&#8243; accent_color=&#8220;#f27b21&#8243;][vc_empty_space height=&#8220;20px&#8220;][\/vc_column][\/vc_row][vc_row][vc_column][vc_empty_space height=&#8220;20px&#8220;][\/vc_column][\/vc_row][vc_row][vc_column width=&#8220;1\/3&#8243;][vc_custom_heading text=&#8220;Eisw\u00fcrfelmaschine &#8220; font_container=&#8220;tag:h5|text_align:left|color:%23f27b21&#8243; google_fonts=&#8220;font_family:Arimo%3Aregular%2Citalic%2C700%2C700italic|font_style:700%20bold%20regular%3A700%3Anormal&#8220;][vc_column_text]<\/p>\n<ul>\n<li>Wasseranschluss 20kg\/Tag 230V<\/li>\n<\/ul>\n<p>[\/vc_column_text][vc_custom_heading text=&#8220;Preis: 40 Euro&#8220; font_container=&#8220;tag:h5|text_align:left|color:%23f27b21&#8243; google_fonts=&#8220;font_family:Arimo%3Aregular%2Citalic%2C700%2C700italic|font_style:700%20bold%20regular%3A700%3Anormal&#8220;][vc_column_text]<\/p>\n<p style=\"font-size: 8pt;\"><strong>Rabatt ab dem 2. Tag, Lieferung bitte Anfragen.<\/strong><\/p>\n<p>[\/vc_column_text][\/vc_column][vc_column width=&#8220;1\/3&#8243;][vc_custom_heading text=&#8220;Eiscrusher &#8220; font_container=&#8220;tag:h5|text_align:left|color:%23f27b21&#8243; google_fonts=&#8220;font_family:Arimo%3Aregular%2Citalic%2C700%2C700italic|font_style:700%20bold%20regular%3A700%3Anormal&#8220;][vc_column_text]<\/p>\n<ul>\n<li>Bratscher elektr.<\/li>\n<\/ul>\n<p>[\/vc_column_text][vc_custom_heading text=&#8220;Preis: 8 Euro&#8220; font_container=&#8220;tag:h5|text_align:left|color:%23f27b21&#8243; google_fonts=&#8220;font_family:Arimo%3Aregular%2Citalic%2C700%2C700italic|font_style:700%20bold%20regular%3A700%3Anormal&#8220;][vc_column_text]<\/p>\n<p style=\"font-size: 8pt;\"><strong>Rabatt ab dem 2. Tag, Lieferung bitte Anfragen.<\/strong><\/p>\n<p>[\/vc_column_text][\/vc_column][vc_column width=&#8220;1\/3&#8243;][vc_custom_heading text=&#8220;Cocktail Set&#8220; font_container=&#8220;tag:h5|text_align:left|color:%23f27b21&#8243; google_fonts=&#8220;font_family:Arimo%3Aregular%2Citalic%2C700%2C700italic|font_style:700%20bold%20regular%3A700%3Anormal&#8220;][vc_column_text]<\/p>\n<ul class=\"a-unordered-list a-vertical a-spacing-none\">\n<li>Cocktail Set<\/li>\n<\/ul>\n<p>[\/vc_column_text][vc_custom_heading text=&#8220;Preis: 15 Euro&#8220; font_container=&#8220;tag:h5|text_align:left|color:%23f27b21&#8243; google_fonts=&#8220;font_family:Arimo%3Aregular%2Citalic%2C700%2C700italic|font_style:700%20bold%20regular%3A700%3Anormal&#8220;][vc_column_text]<\/p>\n<p style=\"font-size: 8pt;\"><strong>Rabatt ab dem 2. Tag, Lieferung bitte Anfragen.<\/strong><\/p>\n<p>[\/vc_column_text][\/vc_column][\/vc_row][vc_row][vc_column][vc_separator color=&#8220;custom&#8220; border_width=&#8220;3&#8243; accent_color=&#8220;#f27b21&#8243;][vc_empty_space height=&#8220;20px&#8220;][\/vc_column][\/vc_row][vc_row][vc_column width=&#8220;1\/3&#8243;][vc_custom_heading text=&#8220;Chafing Dish&#8220; font_container=&#8220;tag:h5|text_align:left|color:%23f27b21&#8243; google_fonts=&#8220;font_family:Arimo%3Aregular%2Citalic%2C700%2C700italic|font_style:700%20bold%20regular%3A700%3Anormal&#8220;][vc_column_text]<\/p>\n<ul>\n<li>mit GN Beh\u00e4lte<\/li>\n<\/ul>\n<p>[\/vc_column_text][vc_custom_heading text=&#8220;Preis: 5 Euro&#8220; font_container=&#8220;tag:h5|text_align:left|color:%23f27b21&#8243; google_fonts=&#8220;font_family:Arimo%3Aregular%2Citalic%2C700%2C700italic|font_style:700%20bold%20regular%3A700%3Anormal&#8220;][vc_column_text]<\/p>\n<p style=\"font-size: 8pt;\"><strong>Rabatt ab dem 2. Tag, Lieferung bitte Anfragen.<\/strong><\/p>\n<p>[\/vc_column_text][\/vc_column][vc_column width=&#8220;1\/3&#8243;][vc_custom_heading text=&#8220;Willibecher&#8220; font_container=&#8220;tag:h5|text_align:left|color:%23f27b21&#8243; google_fonts=&#8220;font_family:Arimo%3Aregular%2Citalic%2C700%2C700italic|font_style:700%20bold%20regular%3A700%3Anormal&#8220;][vc_column_text]<\/p>\n<ul>\n<li>0,2l 12 Stk<\/li>\n<\/ul>\n<p>[\/vc_column_text][vc_custom_heading text=&#8220;Preis: 4 Euro&#8220; font_container=&#8220;tag:h5|text_align:left|color:%23f27b21&#8243; google_fonts=&#8220;font_family:Arimo%3Aregular%2Citalic%2C700%2C700italic|font_style:700%20bold%20regular%3A700%3Anormal&#8220;][vc_column_text]<\/p>\n<p style=\"font-size: 8pt;\"><strong>Rabatt ab dem 2. Tag, Lieferung bitte Anfragen.<\/strong><\/p>\n<p>[\/vc_column_text][\/vc_column][vc_column width=&#8220;1\/3&#8243;][vc_custom_heading text=&#8220;Longdrinkglas Rialto&#8220; font_container=&#8220;tag:h5|text_align:left|color:%23f27b21&#8243; google_fonts=&#8220;font_family:Arimo%3Aregular%2Citalic%2C700%2C700italic|font_style:700%20bold%20regular%3A700%3Anormal&#8220;][vc_column_text]<\/p>\n<ul class=\"a-unordered-list a-vertical a-spacing-none\">\n<li>0,17l 6 Stk<\/li>\n<\/ul>\n<p>[\/vc_column_text][vc_custom_heading text=&#8220;Preis: 2,20 Euro&#8220; font_container=&#8220;tag:h5|text_align:left|color:%23f27b21&#8243; google_fonts=&#8220;font_family:Arimo%3Aregular%2Citalic%2C700%2C700italic|font_style:700%20bold%20regular%3A700%3Anormal&#8220;][vc_column_text]<\/p>\n<p style=\"font-size: 8pt;\"><strong>Rabatt ab dem 2. Tag, Lieferung bitte Anfragen.<\/strong><\/p>\n<p>[\/vc_column_text][\/vc_column][\/vc_row][vc_row][vc_column][vc_empty_space height=&#8220;20px&#8220;][vc_separator color=&#8220;custom&#8220; border_width=&#8220;3&#8243; accent_color=&#8220;#f27b21&#8243;][\/vc_column][\/vc_row][vc_row][vc_column width=&#8220;1\/4&#8243;][vc_custom_heading text=&#8220;Weizenbierglas &#8220; font_container=&#8220;tag:h5|text_align:left|color:%23f27b21&#8243; google_fonts=&#8220;font_family:Arimo%3Aregular%2Citalic%2C700%2C700italic|font_style:700%20bold%20regular%3A700%3Anormal&#8220;][vc_column_text]<\/p>\n<ul>\n<li>0,5l 6 STk<\/li>\n<\/ul>\n<p>[\/vc_column_text][vc_custom_heading text=&#8220;Preis: 2,50 Euro&#8220; font_container=&#8220;tag:h5|text_align:left|color:%23f27b21&#8243; google_fonts=&#8220;font_family:Arimo%3Aregular%2Citalic%2C700%2C700italic|font_style:700%20bold%20regular%3A700%3Anormal&#8220;][vc_column_text]<\/p>\n<p style=\"font-size: 8pt;\"><strong>Rabatt ab dem 2. Tag, Lieferung bitte Anfragen.<\/strong><\/p>\n<p>[\/vc_column_text][\/vc_column][vc_column width=&#8220;1\/4&#8243;][vc_custom_heading text=&#8220;Sektglas &#8220; font_container=&#8220;tag:h5|text_align:left|color:%23f27b21&#8243; google_fonts=&#8220;font_family:Arimo%3Aregular%2Citalic%2C700%2C700italic|font_style:700%20bold%20regular%3A700%3Anormal&#8220;][vc_column_text]<\/p>\n<ul>\n<li>0,1l 12 Stk<\/li>\n<\/ul>\n<p>[\/vc_column_text][vc_custom_heading text=&#8220;Preis: 5 Euro&#8220; font_container=&#8220;tag:h5|text_align:left|color:%23f27b21&#8243; google_fonts=&#8220;font_family:Arimo%3Aregular%2Citalic%2C700%2C700italic|font_style:700%20bold%20regular%3A700%3Anormal&#8220;][vc_column_text]<\/p>\n<p style=\"font-size: 8pt;\"><strong>Rabatt ab dem 2. Tag, Lieferung bitte Anfragen.<\/strong><\/p>\n<p>[\/vc_column_text][\/vc_column][vc_column width=&#8220;1\/4&#8243;][vc_custom_heading text=&#8220;Schnapsglas&#8220; font_container=&#8220;tag:h5|text_align:left|color:%23f27b21&#8243; google_fonts=&#8220;font_family:Arimo%3Aregular%2Citalic%2C700%2C700italic|font_style:700%20bold%20regular%3A700%3Anormal&#8220;][vc_column_text]<\/p>\n<ul class=\"a-unordered-list a-vertical a-spacing-none\">\n<li>0,02l 24 Stk<\/li>\n<\/ul>\n<p>[\/vc_column_text][vc_custom_heading text=&#8220;Preis: 3 Euro&#8220; font_container=&#8220;tag:h5|text_align:left|color:%23f27b21&#8243; google_fonts=&#8220;font_family:Arimo%3Aregular%2Citalic%2C700%2C700italic|font_style:700%20bold%20regular%3A700%3Anormal&#8220;][vc_column_text]<\/p>\n<p style=\"font-size: 8pt;\"><strong>Rabatt ab dem 2. Tag, Lieferung bitte Anfragen.<\/strong><\/p>\n<p>[\/vc_column_text][\/vc_column][vc_column width=&#8220;1\/4&#8243;][vc_custom_heading text=&#8220;Caipiglas &#8220; font_container=&#8220;tag:h5|text_align:left|color:%23f27b21&#8243; google_fonts=&#8220;font_family:Arimo%3Aregular%2Citalic%2C700%2C700italic|font_style:700%20bold%20regular%3A700%3Anormal&#8220;][vc_column_text]<\/p>\n<ul class=\"a-unordered-list a-vertical a-spacing-none\">\n<li>0,4l 24 Stk<\/li>\n<\/ul>\n<p>[\/vc_column_text][vc_custom_heading text=&#8220;Preis: 9 Euro&#8220; font_container=&#8220;tag:h5|text_align:left|color:%23f27b21&#8243; google_fonts=&#8220;font_family:Arimo%3Aregular%2Citalic%2C700%2C700italic|font_style:700%20bold%20regular%3A700%3Anormal&#8220;][vc_column_text]<\/p>\n<p style=\"font-size: 8pt;\"><strong>Rabatt ab dem 2. Tag, Lieferung bitte Anfragen.<\/strong><\/p>\n<p>[\/vc_column_text][\/vc_column][\/vc_row][vc_row][vc_column][vc_separator color=&#8220;custom&#8220; border_width=&#8220;3&#8243; accent_color=&#8220;#f27b21&#8243;][\/vc_column][\/vc_row][vc_row][vc_column][vc_column_text]Selbstverst\u00e4ndlich bekommen Sie auch alle Ger\u00e4te einzeln bekommen oder k\u00f6nnen sich ein Set nach Ihren Bed\u00fcrfnissen zusammenstellen.[\/vc_column_text][\/vc_column][\/vc_row]<\/p>\n","protected":false},"excerpt":{"rendered":"<p>[vc_row][vc_column width=&#8220;1\/3&#8243;][vc_custom_heading text=&#8220;Stromerzeuger &#8220; font_container=&#8220;tag:h5|text_align:left|color:%23f27b21&#8243; google_fonts=&#8220;font_family:Arimo%3Aregular%2Citalic%2C700%2C700italic|font_style:700%20bold%20regular%3A700%3Anormal&#8220;][vc_column_text] Endress 2 kW 230V [\/vc_column_text][vc_custom_heading text=&#8220;Preis: 15 Euro&#8220; font_container=&#8220;tag:h5|text_align:left|color:%23f27b21&#8243; google_fonts=&#8220;font_family:Arimo%3Aregular%2Citalic%2C700%2C700italic|font_style:700%20bold%20regular%3A700%3Anormal&#8220;][vc_column_text] Rabatt ab dem 2.<\/p>\n","protected":false},"author":1,"featured_media":0,"parent":0,"menu_order":0,"comment_status":"closed","ping_status":"closed","template":"","meta":[],"_links":{"self":[{"href":"https:\/\/the-party-crew.de\/index.php?rest_route=\/wp\/v2\/pages\/161"}],"collection":[{"href":"https:\/\/the-party-crew.de\/index.php?rest_route=\/wp\/v2\/pages"}],"about":[{"href":"https:\/\/the-party-crew.de\/index.php?rest_route=\/wp\/v2\/types\/page"}],"author":[{"embeddable":true,"href":"https:\/\/the-party-crew.de\/index.php?rest_route=\/wp\/v2\/users\/1"}],"replies":[{"embeddable":true,"href":"https:\/\/the-party-crew.de\/index.php?rest_route=%2Fwp%2Fv2%2Fcomments&post=161"}],"version-history":[{"count":4,"href":"https:\/\/the-party-crew.de\/index.php?rest_route=\/wp\/v2\/pages\/161\/revisions"}],"predecessor-version":[{"id":183,"href":"https:\/\/the-party-crew.de\/index.php?rest_route=\/wp\/v2\/pages\/161\/revisions\/183"}],"wp:attachment":[{"href":"https:\/\/the-party-crew.de\/index.php?rest_route=%2Fwp%2Fv2%2Fmedia&parent=161"}],"curies":[{"name":"wp","href":"https:\/\/api.w.org\/{rel}","templated":true}]}}