{"id":152,"date":"2017-04-03T10:39:33","date_gmt":"2017-04-03T10:39:33","guid":{"rendered":"http:\/\/the-party-crew.de\/?page_id=152"},"modified":"2017-05-01T11:50:33","modified_gmt":"2017-05-01T11:50:33","slug":"video","status":"publish","type":"page","link":"https:\/\/the-party-crew.de\/?page_id=152","title":{"rendered":"Videotechnik"},"content":{"rendered":"<p>[vc_row][vc_column width=&#8220;1\/3&#8243;][vc_custom_heading text=&#8220;Beamer BARCO&#8220; font_container=&#8220;tag:h5|text_align:left|color:%23f27b21&#8243; google_fonts=&#8220;font_family:Arimo%3Aregular%2Citalic%2C700%2C700italic|font_style:700%20bold%20regular%3A700%3Anormal&#8220;][vc_column_text]<\/p>\n<ul>\n<li>Graphics 9300,<\/li>\n<li>6800 AnsiLumen,<\/li>\n<li>SVGA,<\/li>\n<li>3LCD,<\/li>\n<li>Zoom Objektiv<\/li>\n<\/ul>\n<p>[\/vc_column_text][vc_custom_heading text=&#8220;Preis: 100 Euro&#8220; font_container=&#8220;tag:h5|text_align:left|color:%23f27b21&#8243; google_fonts=&#8220;font_family:Arimo%3Aregular%2Citalic%2C700%2C700italic|font_style:700%20bold%20regular%3A700%3Anormal&#8220;][vc_column_text]<\/p>\n<p style=\"font-size: 8pt;\"><strong>Rabatt ab dem 2. Tag, Lieferung bitte Anfragen.<\/strong><\/p>\n<p>[\/vc_column_text][\/vc_column][vc_column width=&#8220;1\/3&#8243;][vc_custom_heading text=&#8220;Beamer BenQ&#8220; font_container=&#8220;tag:h5|text_align:left|color:%23f27b21&#8243; google_fonts=&#8220;font_family:Arimo%3Aregular%2Citalic%2C700%2C700italic|font_style:700%20bold%20regular%3A700%3Anormal&#8220;][vc_column_text]<\/p>\n<ul>\n<li>2200 AnsiLumen,<\/li>\n<li>DLP<\/li>\n<\/ul>\n<p>[\/vc_column_text][vc_empty_space height=&#8220;59px&#8220;][vc_custom_heading text=&#8220;Preis: 25 Euro&#8220; font_container=&#8220;tag:h5|text_align:left|color:%23f27b21&#8243; google_fonts=&#8220;font_family:Arimo%3Aregular%2Citalic%2C700%2C700italic|font_style:700%20bold%20regular%3A700%3Anormal&#8220;][vc_column_text]<\/p>\n<p style=\"font-size: 8pt;\"><strong>Rabatt ab dem 2. Tag, Lieferung bitte Anfragen.<\/strong><\/p>\n<p>[\/vc_column_text][\/vc_column][vc_column width=&#8220;1\/3&#8243;][vc_custom_heading text=&#8220;Camcorder Canon MV790 MiniDV&#8220; font_container=&#8220;tag:h5|text_align:left|color:%23f27b21&#8243; google_fonts=&#8220;font_family:Arimo%3Aregular%2Citalic%2C700%2C700italic|font_style:700%20bold%20regular%3A700%3Anormal&#8220;][vc_column_text]<\/p>\n<ul class=\"a-unordered-list a-vertical a-spacing-none\">\n<li><span class=\"a-list-item\">Sensoraufl\u00f6sung: 0,8 Megapixel<\/span><\/li>\n<li><span class=\"a-list-item\">Display: 2,4 Zoll<\/span><\/li>\n<li><span class=\"a-list-item\">Min. Beleuchtungsst\u00e4rke: 2 lux<\/span><\/li>\n<li><span class=\"a-list-item\">PC-Schnittstelle: USB<\/span><\/li>\n<\/ul>\n<p>[\/vc_column_text][vc_custom_heading text=&#8220;Preis: 10 Euro&#8220; font_container=&#8220;tag:h5|text_align:left|color:%23f27b21&#8243; google_fonts=&#8220;font_family:Arimo%3Aregular%2Citalic%2C700%2C700italic|font_style:700%20bold%20regular%3A700%3Anormal&#8220;][vc_column_text]<\/p>\n<p style=\"font-size: 8pt;\"><strong>Rabatt ab dem 2. Tag, Lieferung bitte Anfragen.<\/strong><\/p>\n<p>[\/vc_column_text][\/vc_column][\/vc_row][vc_row][vc_column][vc_separator color=&#8220;custom&#8220; border_width=&#8220;3&#8243; accent_color=&#8220;#f27b21&#8243;][vc_empty_space height=&#8220;20px&#8220;][\/vc_column][\/vc_row][vc_row][vc_column width=&#8220;1\/3&#8243;][vc_custom_heading text=&#8220;Zuspieler&#8220; font_container=&#8220;tag:h5|text_align:left|color:%23f27b21&#8243; google_fonts=&#8220;font_family:Arimo%3Aregular%2Citalic%2C700%2C700italic|font_style:700%20bold%20regular%3A700%3Anormal&#8220;][vc_column_text]<\/p>\n<ul>\n<li>diverse DVD-Player<\/li>\n<\/ul>\n<p>[\/vc_column_text][vc_custom_heading text=&#8220;Preis: 8 Euro&#8220; font_container=&#8220;tag:h5|text_align:left|color:%23f27b21&#8243; google_fonts=&#8220;font_family:Arimo%3Aregular%2Citalic%2C700%2C700italic|font_style:700%20bold%20regular%3A700%3Anormal&#8220;][vc_column_text]<\/p>\n<p style=\"font-size: 8pt;\"><strong>Rabatt ab dem 2. Tag, Lieferung bitte Anfragen.<\/strong><\/p>\n<p>[\/vc_column_text][\/vc_column][vc_column width=&#8220;1\/3&#8243;][vc_custom_heading text=&#8220;Verteiler&#8220; font_container=&#8220;tag:h5|text_align:left|color:%23f27b21&#8243; google_fonts=&#8220;font_family:Arimo%3Aregular%2Citalic%2C700%2C700italic|font_style:700%20bold%20regular%3A700%3Anormal&#8220;][vc_column_text]<\/p>\n<ul>\n<li>Kramer 3&#215;12 BNC<\/li>\n<\/ul>\n<p>[\/vc_column_text][vc_custom_heading text=&#8220;Preis: 15 Euro&#8220; font_container=&#8220;tag:h5|text_align:left|color:%23f27b21&#8243; google_fonts=&#8220;font_family:Arimo%3Aregular%2Citalic%2C700%2C700italic|font_style:700%20bold%20regular%3A700%3Anormal&#8220;][vc_column_text]<\/p>\n<p style=\"font-size: 8pt;\"><strong>Rabatt ab dem 2. Tag, Lieferung bitte Anfragen.<\/strong><\/p>\n<p>[\/vc_column_text][\/vc_column][vc_column width=&#8220;1\/3&#8243;][vc_custom_heading text=&#8220;Bildschirm&#8220; font_container=&#8220;tag:h5|text_align:left|color:%23f27b21&#8243; google_fonts=&#8220;font_family:Arimo%3Aregular%2Citalic%2C700%2C700italic|font_style:700%20bold%20regular%3A700%3Anormal&#8220;][vc_column_text]<\/p>\n<ul class=\"a-unordered-list a-vertical a-spacing-none\">\n<li>Samsung 26&#8243;<\/li>\n<\/ul>\n<p>[\/vc_column_text][vc_custom_heading text=&#8220;Preis: 10 Euro&#8220; font_container=&#8220;tag:h5|text_align:left|color:%23f27b21&#8243; google_fonts=&#8220;font_family:Arimo%3Aregular%2Citalic%2C700%2C700italic|font_style:700%20bold%20regular%3A700%3Anormal&#8220;][vc_column_text]<\/p>\n<p style=\"font-size: 8pt;\"><strong>Rabatt ab dem 2. Tag, Lieferung bitte Anfragen.<\/strong><\/p>\n<p>[\/vc_column_text][\/vc_column][\/vc_row][vc_row][vc_column][vc_separator color=&#8220;custom&#8220; border_width=&#8220;3&#8243; accent_color=&#8220;#f27b21&#8243;][\/vc_column][\/vc_row][vc_row][vc_column width=&#8220;1\/3&#8243;][vc_custom_heading text=&#8220;Bildschirm&#8220; font_container=&#8220;tag:h5|text_align:left|color:%23f27b21&#8243; google_fonts=&#8220;font_family:Arimo%3Aregular%2Citalic%2C700%2C700italic|font_style:700%20bold%20regular%3A700%3Anormal&#8220;][vc_column_text]<\/p>\n<ul>\n<li>diverse 42&#8243;<\/li>\n<\/ul>\n<p>[\/vc_column_text][vc_custom_heading text=&#8220;Preis: 30 Euro&#8220; font_container=&#8220;tag:h5|text_align:left|color:%23f27b21&#8243; google_fonts=&#8220;font_family:Arimo%3Aregular%2Citalic%2C700%2C700italic|font_style:700%20bold%20regular%3A700%3Anormal&#8220;][vc_column_text]<\/p>\n<p style=\"font-size: 8pt;\"><strong>Rabatt ab dem 2. Tag, Lieferung bitte Anfragen.<\/strong><\/p>\n<p>[\/vc_column_text][\/vc_column][\/vc_row][vc_row][vc_column][vc_column_text]Selbstverst\u00e4ndlich bekommen Sie auch alle Ger\u00e4te einzeln bekommen oder k\u00f6nnen sich ein Set nach Ihren Bed\u00fcrfnissen zusammenstellen.[\/vc_column_text][\/vc_column][\/vc_row]<\/p>\n","protected":false},"excerpt":{"rendered":"<p>[vc_row][vc_column width=&#8220;1\/3&#8243;][vc_custom_heading text=&#8220;Beamer BARCO&#8220; font_container=&#8220;tag:h5|text_align:left|color:%23f27b21&#8243; google_fonts=&#8220;font_family:Arimo%3Aregular%2Citalic%2C700%2C700italic|font_style:700%20bold%20regular%3A700%3Anormal&#8220;][vc_column_text] Graphics 9300, 6800 AnsiLumen, SVGA, 3LCD, Zoom Objektiv [\/vc_column_text][vc_custom_heading text=&#8220;Preis: 100 Euro&#8220; font_container=&#8220;tag:h5|text_align:left|color:%23f27b21&#8243; google_fonts=&#8220;font_family:Arimo%3Aregular%2Citalic%2C700%2C700italic|font_style:700%20bold%20regular%3A700%3Anormal&#8220;][vc_column_text]<\/p>\n","protected":false},"author":1,"featured_media":0,"parent":0,"menu_order":0,"comment_status":"closed","ping_status":"closed","template":"","meta":[],"_links":{"self":[{"href":"https:\/\/the-party-crew.de\/index.php?rest_route=\/wp\/v2\/pages\/152"}],"collection":[{"href":"https:\/\/the-party-crew.de\/index.php?rest_route=\/wp\/v2\/pages"}],"about":[{"href":"https:\/\/the-party-crew.de\/index.php?rest_route=\/wp\/v2\/types\/page"}],"author":[{"embeddable":true,"href":"https:\/\/the-party-crew.de\/index.php?rest_route=\/wp\/v2\/users\/1"}],"replies":[{"embeddable":true,"href":"https:\/\/the-party-crew.de\/index.php?rest_route=%2Fwp%2Fv2%2Fcomments&post=152"}],"version-history":[{"count":14,"href":"https:\/\/the-party-crew.de\/index.php?rest_route=\/wp\/v2\/pages\/152\/revisions"}],"predecessor-version":[{"id":180,"href":"https:\/\/the-party-crew.de\/index.php?rest_route=\/wp\/v2\/pages\/152\/revisions\/180"}],"wp:attachment":[{"href":"https:\/\/the-party-crew.de\/index.php?rest_route=%2Fwp%2Fv2%2Fmedia&parent=152"}],"curies":[{"name":"wp","href":"https:\/\/api.w.org\/{rel}","templated":true}]}}